{"id":2,"date":"2025-05-10T17:40:59","date_gmt":"2025-05-10T17:40:59","guid":{"rendered":"https:\/\/linkjuiced.com\/?page_id=2"},"modified":"2026-04-10T11:31:20","modified_gmt":"2026-04-10T11:31:20","slug":"das-team","status":"publish","type":"page","link":"https:\/\/linkjuiced.com\/de\/the-team\/","title":{"rendered":"Das LinkJuiced-Team"},"content":{"rendered":"<p><div class=\"fusion-fullwidth fullwidth-box fusion-builder-row-1 fusion-flex-container has-pattern-background has-mask-background nonhundred-percent-fullwidth non-hundred-percent-height-scrolling\" style=\"--awb-border-radius-top-left:0px;--awb-border-radius-top-right:0px;--awb-border-radius-bottom-right:0px;--awb-border-radius-bottom-left:0px;--awb-flex-wrap:wrap;\" ><div class=\"fusion-builder-row fusion-row fusion-flex-align-items-flex-start fusion-flex-content-wrap\" style=\"max-width:1310.4px;margin-left: calc(-4% \/ 2 );margin-right: calc(-4% \/ 2 );\"><div class=\"fusion-layout-column fusion_builder_column fusion-builder-column-0 fusion_builder_column_1_1 1_1 fusion-flex-column\" style=\"--awb-bg-size:cover;--awb-width-large:100%;--awb-margin-top-large:0px;--awb-spacing-right-large:1.92%;--awb-margin-bottom-large:20px;--awb-spacing-left-large:1.92%;--awb-width-medium:100%;--awb-order-medium:0;--awb-spacing-right-medium:1.92%;--awb-spacing-left-medium:1.92%;--awb-width-small:100%;--awb-order-small:0;--awb-spacing-right-small:1.92%;--awb-spacing-left-small:1.92%;\"><div class=\"fusion-column-wrapper fusion-column-has-shadow fusion-flex-justify-content-flex-start fusion-content-layout-column\"><div class=\"fusion-title title fusion-title-1 fusion-sep-none fusion-title-text fusion-title-size-one\" style=\"--awb-margin-top-small:10px;--awb-margin-right-small:0px;--awb-margin-bottom-small:10px;--awb-margin-left-small:0px;\"><h1 class=\"fusion-title-heading title-heading-left\" style=\"margin:0;\">Das LinkJuiced-Team<\/h1><\/div><div class=\"fusion-text fusion-text-1\"><p>Herausragende Ergebnisse sind kein Zufall - sie sind das Produkt eines Weltklasseteams. Lernen Sie die F\u00fchrungskr\u00e4fte kennen, die diese Ergebnisse erzielen.<\/p>\n<\/div><\/div><\/div><\/div><\/div><div class=\"fusion-fullwidth fullwidth-box fusion-builder-row-2 fusion-flex-container nonhundred-percent-fullwidth non-hundred-percent-height-scrolling\" style=\"--awb-border-radius-top-left:0px;--awb-border-radius-top-right:0px;--awb-border-radius-bottom-right:0px;--awb-border-radius-bottom-left:0px;--awb-flex-wrap:wrap;\" ><div class=\"fusion-builder-row fusion-row fusion-flex-align-items-flex-start fusion-flex-content-wrap\" style=\"max-width:1310.4px;margin-left: calc(-4% \/ 2 );margin-right: calc(-4% \/ 2 );\"><div class=\"fusion-layout-column fusion_builder_column fusion-builder-column-1 fusion_builder_column_1_3 1_3 fusion-flex-column\" style=\"--awb-bg-size:cover;--awb-width-large:33.333333333333%;--awb-margin-top-large:0px;--awb-spacing-right-large:5.76%;--awb-margin-bottom-large:0px;--awb-spacing-left-large:5.76%;--awb-width-medium:33.333333333333%;--awb-spacing-right-medium:5.76%;--awb-spacing-left-medium:5.76%;--awb-width-small:100%;--awb-spacing-right-small:1.92%;--awb-spacing-left-small:1.92%;\"><div class=\"fusion-column-wrapper fusion-flex-justify-content-flex-start fusion-content-layout-column\"><div class=\"fusion-person person fusion-person-left fusion-person-1 fusion-person-icon-top\" style=\"--awb-pic-style-color:var(--awb-color8);--awb-pic-borderradius:0px;--awb-margin-top:0px;--awb-margin-right:0px;--awb-margin-bottom:0px;--awb-margin-left:0px;--awb-social-box-border-top:0px;--awb-social-box-border-right:0px;--awb-social-box-border-bottom:0px;--awb-social-box-border-left:0px;--awb-social-box-border-color:var(--awb-color3);--awb-social-box-border-color-hover:var(--awb-color4);--awb-social-box-colors-hover:var(--awb-color1);--awb-social-icon-boxed-colors:var(--awb-color2);--awb-social-icon-colors:var(--awb-color6);--awb-social-icon-colors-hover:var(--awb-color4);\"><div class=\"person-shortcode-image-wrapper\"><div class=\"person-image-container hover-type-none glow\" style=\"border:0px solid var(--awb-color3);-webkit-box-shadow: 0 0 3px var(--awb-color8);box-shadow: 0 0 3px var(--awb-color8);-webkit-border-radius:0px;-moz-border-radius:0px;border-radius:0px;\"><img decoding=\"async\" class=\"person-img img-responsive wp-image-2693\" width=\"542\" height=\"686\" src=\"https:\/\/linkjuiced.com\/wp-content\/uploads\/2025\/05\/richard5.jpg\" alt=\"Richard McLachlan\" srcset=\"https:\/\/linkjuiced.com\/wp-content\/uploads\/2025\/05\/richard5-200x253.jpg 200w, https:\/\/linkjuiced.com\/wp-content\/uploads\/2025\/05\/richard5-400x506.jpg 400w, https:\/\/linkjuiced.com\/wp-content\/uploads\/2025\/05\/richard5.jpg 542w\" sizes=\"(max-width: 640px) 100vw, 400px\" \/><\/div><\/div><div class=\"person-desc\" style=\"background-color:#ffffff;padding:40px;margin-top:0;\"><div class=\"person-author\"><div class=\"person-author-wrapper\"><span class=\"person-name\">Richard McLachlan<\/span><span class=\"person-title\">Bio-Allrounder und Produktleiter<\/span><\/div><div class=\"fusion-social-networks\"><div class=\"fusion-social-networks-wrapper\"><a class=\"fusion-social-network-icon fusion-tooltip fusion-linkedin awb-icon-linkedin custom\" aria-label=\"fusion-linkedin\" href=\"https:\/\/www.linkedin.com\/in\/richard-m-inberlin\/\" target=\"_blank\" rel=\"noopener noreferrer\" style=\"color:var(--awb-color6);font-size:16px;\" data-placement=\"top\" data-title=\"LinkedIn\" title=\"LinkedIn\" data-toggle=\"tooltip\"><\/a><\/div><\/div><\/div><div class=\"person-content fusion-clearfix\">Richard ist eine F\u00fchrungspers\u00f6nlichkeit, die die Bereiche Produkt, Entwicklung, Marketing, Inhalt und SEO f\u00fcr globale Websites mit hohem Besucheraufkommen geleitet hat. Als SEO-Spezialist verbindet er technische Korrekturen, entit\u00e4tsbasierte Inhalte, UX-Optimierung und ma\u00dfgeblichen Linkaufbau zu koh\u00e4renten Programmen.<\/p>\n<p>Er hat firmeneigene KI-Tools entwickelt, die die Keyword-Recherche, die Erstellung von markengerechten Texten und die Suche nach Links automatisieren, die Produktionszeit um 70 % verk\u00fcrzen und jedes Quartal zweistellige Zuw\u00e4chse bei organischem Traffic und Umsatz erzielen. Von schlanken Startups bis hin zu Unternehmensteams: Richard verwandelt schwache Ressourcen in robuste, umsatzorientierte Wachstumsmotoren.<\/div><\/div><\/div><div class=\"fusion-person person fusion-person-left fusion-person-2 fusion-person-icon-top\" style=\"--awb-pic-style-color:var(--awb-color8);--awb-pic-borderradius:0px;--awb-margin-top:0px;--awb-margin-right:0px;--awb-margin-bottom:0px;--awb-margin-left:0px;--awb-social-box-border-top:0px;--awb-social-box-border-right:0px;--awb-social-box-border-bottom:0px;--awb-social-box-border-left:0px;--awb-social-box-border-color:var(--awb-color3);--awb-social-box-border-color-hover:var(--awb-color4);--awb-social-box-colors-hover:var(--awb-color1);--awb-social-icon-boxed-colors:var(--awb-color2);--awb-social-icon-colors:var(--awb-color6);--awb-social-icon-colors-hover:var(--awb-color4);\"><div class=\"person-shortcode-image-wrapper\"><div class=\"person-image-container hover-type-none\" style=\"border:0px solid var(--awb-color3);-webkit-border-radius:0px;-moz-border-radius:0px;border-radius:0px;\"><img decoding=\"async\" class=\"person-img img-responsive wp-image-2700\" width=\"800\" height=\"800\" src=\"https:\/\/linkjuiced.com\/wp-content\/uploads\/2025\/05\/pankaj.jpg\" alt=\"Pankaj Verma\" srcset=\"https:\/\/linkjuiced.com\/wp-content\/uploads\/2025\/05\/pankaj-200x200.jpg 200w, https:\/\/linkjuiced.com\/wp-content\/uploads\/2025\/05\/pankaj-400x400.jpg 400w, https:\/\/linkjuiced.com\/wp-content\/uploads\/2025\/05\/pankaj-600x600.jpg 600w, https:\/\/linkjuiced.com\/wp-content\/uploads\/2025\/05\/pankaj.jpg 800w\" sizes=\"(max-width: 640px) 100vw, 400px\" \/><\/div><\/div><div class=\"person-desc\" style=\"background-color:#ffffff;padding:40px;margin-top:0;\"><div class=\"person-author\"><div class=\"person-author-wrapper\"><span class=\"person-name\">Pankaj Verma<\/span><span class=\"person-title\">Technischer Leiter Gro\u00dfprojekte<\/span><\/div><div class=\"fusion-social-networks\"><div class=\"fusion-social-networks-wrapper\"><a class=\"fusion-social-network-icon fusion-tooltip fusion-linkedin awb-icon-linkedin custom\" aria-label=\"fusion-linkedin\" href=\"https:\/\/www.linkedin.com\/in\/pankaj-verma-a95a3626\/\" target=\"_blank\" rel=\"noopener noreferrer\" style=\"color:var(--awb-color6);font-size:16px;\" data-placement=\"top\" data-title=\"LinkedIn\" title=\"LinkedIn\" data-toggle=\"tooltip\"><\/a><\/div><\/div><\/div><div class=\"person-content fusion-clearfix\">Pankaj leitet unser Team f\u00fcr Gro\u00dfprojekte. Webprojekte, die ein Framework, kundenspezifischen Code oder sogar WordPress als Headless CMS erfordern. Pankaj leitet ein Team von 5 Programmierern und ist seit 2019 bei uns.<\/div><\/div><\/div><\/div><\/div><div class=\"fusion-layout-column fusion_builder_column fusion-builder-column-2 fusion_builder_column_1_3 1_3 fusion-flex-column\" style=\"--awb-bg-size:cover;--awb-width-large:33.333333333333%;--awb-margin-top-large:0px;--awb-spacing-right-large:5.76%;--awb-margin-bottom-large:0px;--awb-spacing-left-large:5.76%;--awb-width-medium:33.333333333333%;--awb-spacing-right-medium:5.76%;--awb-spacing-left-medium:5.76%;--awb-width-small:100%;--awb-spacing-right-small:1.92%;--awb-spacing-left-small:1.92%;\"><div class=\"fusion-column-wrapper fusion-flex-justify-content-flex-start fusion-content-layout-column\"><div class=\"fusion-person person fusion-person-left fusion-person-3 fusion-person-icon-top\" style=\"--awb-pic-style-color:var(--awb-color8);--awb-pic-borderradius:0px;--awb-margin-top:0px;--awb-margin-right:0px;--awb-margin-bottom:0px;--awb-margin-left:0px;--awb-social-box-border-top:0px;--awb-social-box-border-right:0px;--awb-social-box-border-bottom:0px;--awb-social-box-border-left:0px;--awb-social-box-border-color:var(--awb-color3);--awb-social-box-border-color-hover:var(--awb-color4);--awb-social-box-colors-hover:var(--awb-color1);--awb-social-icon-boxed-colors:var(--awb-color2);--awb-social-icon-colors:var(--awb-color6);--awb-social-icon-colors-hover:var(--awb-color4);\"><div class=\"person-shortcode-image-wrapper\"><div class=\"person-image-container hover-type-none\" style=\"border:0px solid var(--awb-color3);-webkit-border-radius:0px;-moz-border-radius:0px;border-radius:0px;\"><img decoding=\"async\" class=\"person-img img-responsive wp-image-2694\" width=\"560\" height=\"560\" src=\"https:\/\/linkjuiced.com\/wp-content\/uploads\/2025\/05\/1666023370785.jpg\" alt=\"Christin Hill\" srcset=\"https:\/\/linkjuiced.com\/wp-content\/uploads\/2025\/05\/1666023370785-200x200.jpg 200w, https:\/\/linkjuiced.com\/wp-content\/uploads\/2025\/05\/1666023370785-400x400.jpg 400w, https:\/\/linkjuiced.com\/wp-content\/uploads\/2025\/05\/1666023370785.jpg 560w\" sizes=\"(max-width: 640px) 100vw, 400px\" \/><\/div><\/div><div class=\"person-desc\" style=\"background-color:#ffffff;padding:40px;margin-top:0;\"><div class=\"person-author\"><div class=\"person-author-wrapper\"><span class=\"person-name\">Christin Hill<\/span><span class=\"person-title\">Leiter der Abteilung Inhalt<\/span><\/div><div class=\"fusion-social-networks\"><div class=\"fusion-social-networks-wrapper\"><a class=\"fusion-social-network-icon fusion-tooltip fusion-linkedin awb-icon-linkedin custom\" aria-label=\"fusion-linkedin\" href=\"https:\/\/www.linkedin.com\/in\/christin-marie-hill-678b991a4\" target=\"_blank\" rel=\"noopener noreferrer\" style=\"color:var(--awb-color6);font-size:16px;\" data-placement=\"top\" data-title=\"LinkedIn\" title=\"LinkedIn\" data-toggle=\"tooltip\"><\/a><\/div><\/div><\/div><div class=\"person-content fusion-clearfix\">Christin ist unsere hauseigene Polyglotte, die flie\u00dfend Englisch, Deutsch, Franz\u00f6sisch und etwas Italienisch spricht. Mit Abschl\u00fcssen in Soziologie und Literatur sowie 10 Jahren Erfahrung als Head of Content leitet Christin die Content-Strategien f\u00fcr unsere gro\u00dfen und kleinen Kunden. Bei kleineren Projekten ist Christin Strategin, Autorin und Redakteurin. Bei gr\u00f6\u00dferen Projekten hat sie Content-Teams mit mehr als 30 Mitarbeitern geleitet. Viele erfolgreiche Projekte gehen auf ihr Konto.<\/div><\/div><\/div><div class=\"fusion-person person fusion-person-left fusion-person-4 fusion-person-icon-top\" style=\"--awb-pic-style-color:var(--awb-color8);--awb-pic-borderradius:0px;--awb-margin-top:0px;--awb-margin-right:0px;--awb-margin-bottom:0px;--awb-margin-left:0px;--awb-social-box-border-top:0px;--awb-social-box-border-right:0px;--awb-social-box-border-bottom:0px;--awb-social-box-border-left:0px;--awb-social-box-border-color:var(--awb-color3);--awb-social-box-border-color-hover:var(--awb-color4);--awb-social-box-colors-hover:var(--awb-color1);--awb-social-icon-boxed-colors:var(--awb-color2);--awb-social-icon-colors:var(--awb-color6);--awb-social-icon-colors-hover:var(--awb-color4);\"><div class=\"person-shortcode-image-wrapper\"><div class=\"person-image-container hover-type-none\" style=\"border:0px solid var(--awb-color3);-webkit-border-radius:0px;-moz-border-radius:0px;border-radius:0px;\"><img decoding=\"async\" class=\"person-img img-responsive wp-image-2702\" width=\"456\" height=\"486\" src=\"https:\/\/linkjuiced.com\/wp-content\/uploads\/2025\/05\/parry2.jpg\" alt=\"Paresh Pala\" srcset=\"https:\/\/linkjuiced.com\/wp-content\/uploads\/2025\/05\/parry2-200x213.jpg 200w, https:\/\/linkjuiced.com\/wp-content\/uploads\/2025\/05\/parry2-400x426.jpg 400w, https:\/\/linkjuiced.com\/wp-content\/uploads\/2025\/05\/parry2.jpg 456w\" sizes=\"(max-width: 640px) 100vw, 400px\" \/><\/div><\/div><div class=\"person-desc\" style=\"background-color:#fffffffff;padding:40px;margin-top:0;\"><div class=\"person-author\"><div class=\"person-author-wrapper\"><span class=\"person-name\">Paresh Pala<\/span><span class=\"person-title\">Leiter\/in Design, UX und WordPress-Entwicklung<\/span><\/div><div class=\"fusion-social-networks\"><div class=\"fusion-social-networks-wrapper\"><a class=\"fusion-social-network-icon fusion-tooltip fusion-linkedin awb-icon-linkedin custom\" aria-label=\"fusion-linkedin\" href=\"https:\/\/www.linkedin.com\/in\/triguns\/\" target=\"_blank\" rel=\"noopener noreferrer\" style=\"color:var(--awb-color6);font-size:16px;\" data-placement=\"top\" data-title=\"LinkedIn\" title=\"LinkedIn\" data-toggle=\"tooltip\"><\/a><\/div><\/div><\/div><div class=\"person-content fusion-clearfix\">Paresh leitet unser Designteam seit 2001 (kein Tippfehler) und hat mehr als 350 Projekte jeder Gr\u00f6\u00dfe realisiert. Sein Mantra - \"Wir entwerfen, bis der Kunde begeistert ist\" - bedeutet, dass Zufriedenheit keine Messgr\u00f6\u00dfe ist, sondern die Ziellinie. Paresh hat Websites f\u00fcr f\u00fchrende europ\u00e4ische Marken entworfen, und sein 20-k\u00f6pfiges Team von Designern und Entwicklern arbeitet schnell, so dass die Durchlaufzeiten rasiermesserscharf bleiben.<\/p>\n<p>Au\u00dferhalb des Studios tauscht Paresh (oder \"Parry\" f\u00fcr das Team) als begeisterter Marathonl\u00e4ufer die Pixel gegen den Asphalt und ist Kapit\u00e4n unserer Mannschaft bei jedem Firmenlauf.<\/div><\/div><\/div><\/div><\/div><div class=\"fusion-layout-column fusion_builder_column fusion-builder-column-3 fusion_builder_column_1_3 1_3 fusion-flex-column\" style=\"--awb-bg-size:cover;--awb-width-large:33.333333333333%;--awb-margin-top-large:0px;--awb-spacing-right-large:5.76%;--awb-margin-bottom-large:0px;--awb-spacing-left-large:5.76%;--awb-width-medium:33.333333333333%;--awb-spacing-right-medium:5.76%;--awb-spacing-left-medium:5.76%;--awb-width-small:100%;--awb-spacing-right-small:1.92%;--awb-spacing-left-small:1.92%;\"><div class=\"fusion-column-wrapper fusion-flex-justify-content-flex-start fusion-content-layout-column\"><div class=\"fusion-person person fusion-person-left fusion-person-5 fusion-person-icon-top\" style=\"--awb-pic-style-color:var(--awb-color8);--awb-pic-borderradius:0px;--awb-margin-top:0px;--awb-margin-right:0px;--awb-margin-bottom:0px;--awb-margin-left:0px;--awb-social-box-border-top:0px;--awb-social-box-border-right:0px;--awb-social-box-border-bottom:0px;--awb-social-box-border-left:0px;--awb-social-box-border-color:var(--awb-color3);--awb-social-box-border-color-hover:var(--awb-color4);--awb-social-box-colors-hover:var(--awb-color1);--awb-social-icon-boxed-colors:var(--awb-color2);--awb-social-icon-colors:var(--awb-color6);--awb-social-icon-colors-hover:var(--awb-color4);\"><div class=\"person-shortcode-image-wrapper\"><div class=\"person-image-container hover-type-none\" style=\"border:0px solid var(--awb-color3);-webkit-border-radius:0px;-moz-border-radius:0px;border-radius:0px;\"><img decoding=\"async\" class=\"person-img img-responsive wp-image-2695\" width=\"800\" height=\"800\" src=\"https:\/\/linkjuiced.com\/wp-content\/uploads\/2025\/05\/tanay.jpg\" alt=\"Tanay Tripathi\" srcset=\"https:\/\/linkjuiced.com\/wp-content\/uploads\/2025\/05\/tanay-200x200.jpg 200w, https:\/\/linkjuiced.com\/wp-content\/uploads\/2025\/05\/tanay-400x400.jpg 400w, https:\/\/linkjuiced.com\/wp-content\/uploads\/2025\/05\/tanay-600x600.jpg 600w, https:\/\/linkjuiced.com\/wp-content\/uploads\/2025\/05\/tanay.jpg 800w\" sizes=\"(max-width: 640px) 100vw, 400px\" \/><\/div><\/div><div class=\"person-desc\" style=\"background-color:#ffffff;padding:40px;margin-top:0;\"><div class=\"person-author\"><div class=\"person-author-wrapper\"><span class=\"person-name\">Tanay Tripathi<\/span><span class=\"person-title\">Fraktionelle GMO<\/span><\/div><div class=\"fusion-social-networks\"><div class=\"fusion-social-networks-wrapper\"><a class=\"fusion-social-network-icon fusion-tooltip fusion-linkedin awb-icon-linkedin custom\" aria-label=\"fusion-linkedin\" href=\"https:\/\/www.linkedin.com\/in\/tanay-tripathi-a9b3bb76\/\" target=\"_blank\" rel=\"noopener noreferrer\" style=\"color:var(--awb-color6);font-size:16px;\" data-placement=\"top\" data-title=\"LinkedIn\" title=\"LinkedIn\" data-toggle=\"tooltip\"><\/a><\/div><\/div><\/div><div class=\"person-content fusion-clearfix\">Tanay ist Ihr Chief Marketing Officer mit mehr als einem Jahrzehnt praktischer Erfahrung im Full-Funnel-Marketing. Er hat Multi-Millionen-Euro-Budgets in den Bereichen Performance, TV, Print, organische Suche, Influencer Marketing, Social Media und PR f\u00fcr wachstumsstarke Berliner Start-ups in den Bereichen Sprachenlernen, Legal Tech, E-Commerce, Social Networking und anderen Nischen geleitet.<\/p>\n<p>Als wahrer Meister des modernen Wachstums nutzt Tanay KI, um Kampagnen zu beschleunigen - er automatisiert die Erstellung von Anzeigen und Videos, verbessert das Targeting und steigert den ROI in gro\u00dfem Umfang. Er kommt genau dort zum Einsatz, wo Sie ihn brauchen: als Einzelstratege oder als Leiter gro\u00dfer internationaler Teams.<\/p>\n<p>Wenn Multichannel-Beschleunigung Ihr Ziel ist, ist Tanay der Partner, der es m\u00f6glich macht.<\/p>\n<p>Sprachen: Deutsch | Englisch | Hindi | zus\u00e4tzliche Kenntnisse in anderen Sprachen.<\/div><\/div><\/div><\/div><\/div><\/div><\/div><\/p>","protected":false},"excerpt":{"rendered":"","protected":false},"author":1,"featured_media":0,"parent":0,"menu_order":0,"comment_status":"closed","ping_status":"closed","template":"","meta":{"_acf_changed":false,"inline_featured_image":false,"footnotes":""},"class_list":["post-2","page","type-page","status-publish","hentry"],"acf":[],"yoast_head":"<!-- This site is optimized with the Yoast SEO plugin v27.3 - https:\/\/yoast.com\/product\/yoast-seo-wordpress\/ -->\n<title>The LinkJuiced Team - LinkJuiced<\/title>\n<meta name=\"robots\" content=\"index, follow, max-snippet:-1, max-image-preview:large, max-video-preview:-1\" \/>\n<link rel=\"canonical\" href=\"https:\/\/findapeach.com\/the-linkjuiced-team\/\" \/>\n<meta property=\"og:locale\" content=\"de_DE\" \/>\n<meta property=\"og:type\" content=\"article\" \/>\n<meta property=\"og:title\" content=\"The LinkJuiced Team - LinkJuiced\" \/>\n<meta property=\"og:url\" content=\"https:\/\/findapeach.com\/the-linkjuiced-team\/\" \/>\n<meta property=\"og:site_name\" content=\"LinkJuiced\" \/>\n<meta property=\"article:modified_time\" content=\"2026-04-10T11:31:20+00:00\" \/>\n<meta property=\"og:image\" content=\"https:\/\/linkjuiced.com\/wp-content\/uploads\/2025\/03\/technical-seo.png\" \/>\n\t<meta property=\"og:image:width\" content=\"1536\" \/>\n\t<meta property=\"og:image:height\" content=\"1024\" \/>\n\t<meta property=\"og:image:type\" content=\"image\/png\" \/>\n<meta name=\"twitter:card\" content=\"summary_large_image\" \/>\n<script type=\"application\/ld+json\" class=\"yoast-schema-graph\">{\"@context\":\"https:\\\/\\\/schema.org\",\"@graph\":[{\"@type\":\"WebPage\",\"@id\":\"https:\\\/\\\/linkjuiced.com\\\/the-team\\\/\",\"url\":\"https:\\\/\\\/findapeach.com\\\/the-linkjuiced-team\\\/\",\"name\":\"The LinkJuiced Team - LinkJuiced\",\"isPartOf\":{\"@id\":\"https:\\\/\\\/linkjuiced.com\\\/#website\"},\"datePublished\":\"2025-05-10T17:40:59+00:00\",\"dateModified\":\"2026-04-10T11:31:20+00:00\",\"breadcrumb\":{\"@id\":\"https:\\\/\\\/findapeach.com\\\/the-linkjuiced-team\\\/#breadcrumb\"},\"inLanguage\":\"de\",\"potentialAction\":[{\"@type\":\"ReadAction\",\"target\":[\"https:\\\/\\\/findapeach.com\\\/the-linkjuiced-team\\\/\"]}]},{\"@type\":\"BreadcrumbList\",\"@id\":\"https:\\\/\\\/findapeach.com\\\/the-linkjuiced-team\\\/#breadcrumb\",\"itemListElement\":[{\"@type\":\"ListItem\",\"position\":1,\"name\":\"Home\",\"item\":\"https:\\\/\\\/linkjuiced.com\\\/\"},{\"@type\":\"ListItem\",\"position\":2,\"name\":\"The LinkJuiced Team\"}]},{\"@type\":\"WebSite\",\"@id\":\"https:\\\/\\\/linkjuiced.com\\\/#website\",\"url\":\"https:\\\/\\\/linkjuiced.com\\\/\",\"name\":\"LinkJuiced\",\"description\":\"\",\"publisher\":{\"@id\":\"https:\\\/\\\/linkjuiced.com\\\/#organization\"},\"potentialAction\":[{\"@type\":\"SearchAction\",\"target\":{\"@type\":\"EntryPoint\",\"urlTemplate\":\"https:\\\/\\\/linkjuiced.com\\\/?s={search_term_string}\"},\"query-input\":{\"@type\":\"PropertyValueSpecification\",\"valueRequired\":true,\"valueName\":\"search_term_string\"}}],\"inLanguage\":\"de\"},{\"@type\":\"Organization\",\"@id\":\"https:\\\/\\\/linkjuiced.com\\\/#organization\",\"name\":\"LinkJuiced\",\"url\":\"https:\\\/\\\/linkjuiced.com\\\/\",\"logo\":{\"@type\":\"ImageObject\",\"inLanguage\":\"de\",\"@id\":\"https:\\\/\\\/linkjuiced.com\\\/#\\\/schema\\\/logo\\\/image\\\/\",\"url\":\"https:\\\/\\\/linkjuiced.com\\\/wp-content\\\/uploads\\\/2021\\\/04\\\/bottomlogo.png\",\"contentUrl\":\"https:\\\/\\\/linkjuiced.com\\\/wp-content\\\/uploads\\\/2021\\\/04\\\/bottomlogo.png\",\"width\":97,\"height\":114,\"caption\":\"LinkJuiced\"},\"image\":{\"@id\":\"https:\\\/\\\/linkjuiced.com\\\/#\\\/schema\\\/logo\\\/image\\\/\"}}]}<\/script>\n<!-- \/ Yoast SEO plugin. -->","yoast_head_json":{"title":"Das LinkJuiced-Team - LinkJuiced","robots":{"index":"index","follow":"follow","max-snippet":"max-snippet:-1","max-image-preview":"max-image-preview:large","max-video-preview":"max-video-preview:-1"},"canonical":"https:\/\/findapeach.com\/the-linkjuiced-team\/","og_locale":"de_DE","og_type":"article","og_title":"The LinkJuiced Team - LinkJuiced","og_url":"https:\/\/findapeach.com\/the-linkjuiced-team\/","og_site_name":"LinkJuiced","article_modified_time":"2026-04-10T11:31:20+00:00","og_image":[{"width":1536,"height":1024,"url":"https:\/\/linkjuiced.com\/wp-content\/uploads\/2025\/03\/technical-seo.png","type":"image\/png"}],"twitter_card":"summary_large_image","schema":{"@context":"https:\/\/schema.org","@graph":[{"@type":"WebPage","@id":"https:\/\/linkjuiced.com\/the-team\/","url":"https:\/\/findapeach.com\/the-linkjuiced-team\/","name":"Das LinkJuiced-Team - LinkJuiced","isPartOf":{"@id":"https:\/\/linkjuiced.com\/#website"},"datePublished":"2025-05-10T17:40:59+00:00","dateModified":"2026-04-10T11:31:20+00:00","breadcrumb":{"@id":"https:\/\/findapeach.com\/the-linkjuiced-team\/#breadcrumb"},"inLanguage":"de","potentialAction":[{"@type":"ReadAction","target":["https:\/\/findapeach.com\/the-linkjuiced-team\/"]}]},{"@type":"BreadcrumbList","@id":"https:\/\/findapeach.com\/the-linkjuiced-team\/#breadcrumb","itemListElement":[{"@type":"ListItem","position":1,"name":"Home","item":"https:\/\/linkjuiced.com\/"},{"@type":"ListItem","position":2,"name":"The LinkJuiced Team"}]},{"@type":"WebSite","@id":"https:\/\/linkjuiced.com\/#website","url":"https:\/\/linkjuiced.com\/","name":"LinkJuiced","description":"","publisher":{"@id":"https:\/\/linkjuiced.com\/#organization"},"potentialAction":[{"@type":"SearchAction","target":{"@type":"EntryPoint","urlTemplate":"https:\/\/linkjuiced.com\/?s={search_term_string}"},"query-input":{"@type":"PropertyValueSpecification","valueRequired":true,"valueName":"search_term_string"}}],"inLanguage":"de"},{"@type":"Organization","@id":"https:\/\/linkjuiced.com\/#organization","name":"LinkJuiced","url":"https:\/\/linkjuiced.com\/","logo":{"@type":"ImageObject","inLanguage":"de","@id":"https:\/\/linkjuiced.com\/#\/schema\/logo\/image\/","url":"https:\/\/linkjuiced.com\/wp-content\/uploads\/2021\/04\/bottomlogo.png","contentUrl":"https:\/\/linkjuiced.com\/wp-content\/uploads\/2021\/04\/bottomlogo.png","width":97,"height":114,"caption":"LinkJuiced"},"image":{"@id":"https:\/\/linkjuiced.com\/#\/schema\/logo\/image\/"}}]}},"_links":{"self":[{"href":"https:\/\/linkjuiced.com\/de\/wp-json\/wp\/v2\/pages\/2","targetHints":{"allow":["GET"]}}],"collection":[{"href":"https:\/\/linkjuiced.com\/de\/wp-json\/wp\/v2\/pages"}],"about":[{"href":"https:\/\/linkjuiced.com\/de\/wp-json\/wp\/v2\/types\/page"}],"author":[{"embeddable":true,"href":"https:\/\/linkjuiced.com\/de\/wp-json\/wp\/v2\/users\/1"}],"replies":[{"embeddable":true,"href":"https:\/\/linkjuiced.com\/de\/wp-json\/wp\/v2\/comments?post=2"}],"version-history":[{"count":12,"href":"https:\/\/linkjuiced.com\/de\/wp-json\/wp\/v2\/pages\/2\/revisions"}],"predecessor-version":[{"id":2737,"href":"https:\/\/linkjuiced.com\/de\/wp-json\/wp\/v2\/pages\/2\/revisions\/2737"}],"wp:attachment":[{"href":"https:\/\/linkjuiced.com\/de\/wp-json\/wp\/v2\/media?parent=2"}],"curies":[{"name":"wp","href":"https:\/\/api.w.org\/{rel}","templated":true}]}}